{"id":132,"date":"2021-10-09T19:34:47","date_gmt":"2021-10-09T19:34:47","guid":{"rendered":"http:\/\/www.ssgmimarlik.com\/?page_id=132"},"modified":"2021-10-14T21:14:12","modified_gmt":"2021-10-14T18:14:12","slug":"hakkimizda","status":"publish","type":"page","link":"http:\/\/www.ssgmimarlik.com\/index.php\/hakkimizda\/","title":{"rendered":"Hakk\u0131m\u0131zda"},"content":{"rendered":"\n<div class=\"wp-block-image is-style-default\"><figure class=\"aligncenter size-medium\"><img loading=\"lazy\" decoding=\"async\" width=\"211\" height=\"300\" src=\"http:\/\/www.ssgmimarlik.com\/wp-content\/uploads\/2021\/10\/image-211x300.jpeg\" alt=\"\" class=\"wp-image-197\" srcset=\"http:\/\/www.ssgmimarlik.com\/wp-content\/uploads\/2021\/10\/image-211x300.jpeg 211w, http:\/\/www.ssgmimarlik.com\/wp-content\/uploads\/2021\/10\/image-722x1024.jpeg 722w, http:\/\/www.ssgmimarlik.com\/wp-content\/uploads\/2021\/10\/image-768x1090.jpeg 768w, http:\/\/www.ssgmimarlik.com\/wp-content\/uploads\/2021\/10\/image.jpeg 998w\" sizes=\"(max-width: 211px) 100vw, 211px\" \/><\/figure><\/div>\n\n\n\n<p class=\"has-text-align-center\"><strong>V\u0130ZYONUMUZ<\/strong><br><br><br>&nbsp;&nbsp;&nbsp;&nbsp;&nbsp;&nbsp;&nbsp;&nbsp;&nbsp; 2006 Y\u0131l\u0131ndan beri bizler; sekt\u00f6r\u00fcn \u00f6nde gelen markalar\u0131 ile siz de\u011ferli m\u00fc\u015fterilerimize, en iyi kaliteyi her zaman en uygun fiyatlara sunmaya \u00e7al\u0131\u015ft\u0131k. Buna ilave olarak yarat\u0131c\u0131l\u0131k konusunda, sizlere yenilikleri sunmaya ve sekt\u00f6r\u00fcn yine en iyilerini sizler ad\u0131na takip etmeye devam edece\u011fiz.<\/p>\n\n\n\n<p><\/p>\n\n\n\n<p class=\"has-text-align-center\">&nbsp;M\u0130SYONUMUZ<br><br>&nbsp; &nbsp;&nbsp;&nbsp;&nbsp;&nbsp;&nbsp;Do\u011fru \u015fekilde KAL\u0130TE \/ F\u0130YAT oran\u0131n\u0131 sa\u011flayarak, geni\u015f \u00fcr\u00fcn yelpazesiyle siz de\u011ferli m\u00fc\u015fterilerimizin beklentilerini en \u00fcst d\u00fczeyde sa\u011flamak.<br><br>&nbsp;&nbsp;&nbsp;&nbsp;&nbsp;&nbsp;&nbsp;&nbsp;&nbsp;&nbsp;&nbsp;&nbsp;&nbsp;&nbsp;&nbsp;&nbsp;&nbsp;&nbsp;&nbsp;&nbsp;&nbsp;&nbsp;&nbsp;&nbsp;&nbsp;&nbsp;&nbsp;&nbsp;&nbsp;&nbsp;&nbsp;&nbsp;&nbsp;&nbsp;&nbsp;&nbsp;&nbsp;&nbsp;&nbsp;&nbsp;&nbsp;&nbsp;&nbsp;&nbsp;&nbsp;&nbsp;&nbsp;&nbsp;&nbsp;&nbsp; &nbsp;&nbsp;&nbsp;&nbsp;&nbsp;&nbsp;&nbsp;&nbsp;&nbsp;&nbsp;&nbsp; \u015e\u0130RKET Y\u00d6NET\u0130M KURULU BA\u015eK.<br>&nbsp;&nbsp;&nbsp;&nbsp;&nbsp;&nbsp;&nbsp;&nbsp;&nbsp;&nbsp;&nbsp;&nbsp;&nbsp;&nbsp;&nbsp;&nbsp;&nbsp;&nbsp;&nbsp;&nbsp;&nbsp;&nbsp;&nbsp;&nbsp;&nbsp;&nbsp;&nbsp;&nbsp;&nbsp;&nbsp;&nbsp;&nbsp;&nbsp;&nbsp;&nbsp;&nbsp;&nbsp;&nbsp;&nbsp;&nbsp;&nbsp;&nbsp;&nbsp;&nbsp;&nbsp;&nbsp;&nbsp;&nbsp;&nbsp;&nbsp;&nbsp;&nbsp;&nbsp;&nbsp;&nbsp;&nbsp;&nbsp;&nbsp;&nbsp;&nbsp; &nbsp;&nbsp;&nbsp;&nbsp;&nbsp;&nbsp;&nbsp;&nbsp;&nbsp;&nbsp;&nbsp;&nbsp; H\u00fcseyin S\u00d6K\u00dcC\u00dc<\/p>\n","protected":false},"excerpt":{"rendered":"<p>V\u0130ZYONUMUZ &nbsp;&nbsp;&nbsp;&nbsp;&nbsp;&nbsp;&nbsp;&nbsp;&nbsp; 2006 Y\u0131l\u0131ndan beri bizler; sekt\u00f6r\u00fcn \u00f6nde gelen markalar\u0131 ile siz de\u011ferli m\u00fc\u015fterilerimize, en iyi kaliteyi her zaman en uygun fiyatlara sunmaya \u00e7al\u0131\u015ft\u0131k. Buna ilave olarak yarat\u0131c\u0131l\u0131k konusunda, sizlere yenilikleri sunmaya ve sekt\u00f6r\u00fcn yine en iyilerini sizler ad\u0131na takip etmeye devam edece\u011fiz. &nbsp;M\u0130SYONUMUZ &nbsp; &nbsp;&nbsp;&nbsp;&nbsp;&nbsp;&nbsp;Do\u011fru \u015fekilde KAL\u0130TE \/ F\u0130YAT oran\u0131n\u0131 sa\u011flayarak, geni\u015f \u00fcr\u00fcn yelpazesiyle siz de\u011ferli m\u00fc\u015fterilerimizin beklentilerini en \u00fcst d\u00fczeyde sa\u011flamak. &nbsp;&nbsp;&nbsp;&nbsp;&nbsp;&nbsp;&nbsp;&nbsp;&nbsp;&nbsp;&nbsp;&nbsp;&nbsp;&nbsp;&nbsp;&nbsp;&nbsp;&nbsp;&nbsp;&nbsp;&nbsp;&nbsp;&nbsp;&nbsp;&nbsp;&nbsp;&nbsp;&nbsp;&nbsp;&nbsp;&nbsp;&nbsp;&nbsp;&nbsp;&nbsp;&nbsp;&nbsp;&nbsp;&nbsp;&nbsp;&nbsp;&nbsp;&nbsp;&nbsp;&nbsp;&nbsp;&nbsp;&nbsp;&nbsp;&nbsp; &nbsp;&nbsp;&nbsp;&nbsp;&nbsp;&nbsp;&nbsp;&nbsp;&nbsp;&nbsp;&nbsp; \u015e\u0130RKET Y\u00d6NET\u0130M KURULU BA\u015eK.&nbsp;&nbsp;&nbsp;&nbsp;&nbsp;&nbsp;&nbsp;&nbsp;&nbsp;&nbsp;&nbsp;&nbsp;&nbsp;&nbsp;&nbsp;&nbsp;&nbsp;&nbsp;&nbsp;&nbsp;&nbsp;&nbsp;&nbsp;&nbsp;&nbsp;&nbsp;&nbsp;&nbsp;&nbsp;&nbsp;&nbsp;&nbsp;&nbsp;&nbsp;&nbsp;&nbsp;&nbsp;&nbsp;&nbsp;&nbsp;&nbsp;&nbsp;&nbsp;&nbsp;&nbsp;&nbsp;&nbsp;&nbsp;&nbsp;&nbsp;&nbsp;&nbsp;&nbsp;&nbsp;&nbsp;&nbsp;&nbsp;&nbsp;&nbsp;&nbsp; &nbsp;&nbsp;&nbsp;&nbsp;&nbsp;&nbsp;&nbsp;&nbsp;&nbsp;&nbsp;&nbsp;&nbsp; H\u00fcseyin S\u00d6K\u00dcC\u00dc<\/p>\n","protected":false},"author":1,"featured_media":0,"parent":0,"menu_order":0,"comment_status":"closed","ping_status":"closed","template":"","meta":{"footnotes":""},"_links":{"self":[{"href":"http:\/\/www.ssgmimarlik.com\/index.php\/wp-json\/wp\/v2\/pages\/132"}],"collection":[{"href":"http:\/\/www.ssgmimarlik.com\/index.php\/wp-json\/wp\/v2\/pages"}],"about":[{"href":"http:\/\/www.ssgmimarlik.com\/index.php\/wp-json\/wp\/v2\/types\/page"}],"author":[{"embeddable":true,"href":"http:\/\/www.ssgmimarlik.com\/index.php\/wp-json\/wp\/v2\/users\/1"}],"replies":[{"embeddable":true,"href":"http:\/\/www.ssgmimarlik.com\/index.php\/wp-json\/wp\/v2\/comments?post=132"}],"version-history":[{"count":4,"href":"http:\/\/www.ssgmimarlik.com\/index.php\/wp-json\/wp\/v2\/pages\/132\/revisions"}],"predecessor-version":[{"id":199,"href":"http:\/\/www.ssgmimarlik.com\/index.php\/wp-json\/wp\/v2\/pages\/132\/revisions\/199"}],"wp:attachment":[{"href":"http:\/\/www.ssgmimarlik.com\/index.php\/wp-json\/wp\/v2\/media?parent=132"}],"curies":[{"name":"wp","href":"https:\/\/api.w.org\/{rel}","templated":true}]}}