{"id":153,"date":"2021-10-09T19:42:32","date_gmt":"2021-10-09T19:42:32","guid":{"rendered":"http:\/\/www.ssgmimarlik.com\/?page_id=153"},"modified":"2022-05-27T11:43:44","modified_gmt":"2022-05-27T08:43:44","slug":"referanslarimiz","status":"publish","type":"page","link":"http:\/\/www.ssgmimarlik.com\/index.php\/referanslarimiz\/","title":{"rendered":"Referanslar\u0131m\u0131z"},"content":{"rendered":"\n<ul><li>\u00d6demi\u015f Dizayn Yap\u0131 &#8211; Ay\u015fen \/ Erkan ACAR , Ufuk AYKOL<\/li><li>Gold Yap\u0131 &#8211; Se\u00e7kin \u00d6NER<\/li><li>KA Yap\u0131 &#8211; Nuri KAYA<\/li><li>Karc\u0131 \u0130n\u015faat Nihat KARCI<\/li><li>Ofis 352Mimarl\u0131k &#8211; \u00dcmit \/ Ece \u00d6K\u00c7E<\/li><li>Fatih \u0130n\u015faat &#8211; Fatih KAYNAK \/ Kenan YILDIRAN<\/li><li>Eren \u0130n\u015faat &#8211; Recep EREN<\/li><li>A\u00e7ar-lar \u0130n\u015faat &#8211; Co\u015fkun A\u00c7AR<\/li><li>\u00d6zde-G\u00f6zde \u0130n\u015faat &#8211; Mustafa KUYUEDERE<\/li><li>\u0130smail KAHVEC\u0130 \u0130n\u015faat<\/li><li>\u00dcnsal \u0130n\u015faat &#8211; Muzaffer \u00dcNSAL<\/li><li>\u00c7ak\u0131r \u0130n\u015faat &#8211; Adem \u00c7AKIR<\/li><li>Ata\u00e7 \u0130n\u015faat &#8211; Faik ATA\u00c7<\/li><\/ul>\n","protected":false},"excerpt":{"rendered":"<p>\u00d6demi\u015f Dizayn Yap\u0131 &#8211; Ay\u015fen \/ Erkan ACAR , Ufuk AYKOL Gold Yap\u0131 &#8211; Se\u00e7kin \u00d6NER KA Yap\u0131 &#8211; Nuri KAYA Karc\u0131 \u0130n\u015faat Nihat KARCI Ofis 352Mimarl\u0131k &#8211; \u00dcmit \/ Ece \u00d6K\u00c7E Fatih \u0130n\u015faat &#8211; Fatih KAYNAK \/ Kenan YILDIRAN Eren \u0130n\u015faat &#8211; Recep EREN A\u00e7ar-lar \u0130n\u015faat &#8211; Co\u015fkun A\u00c7AR \u00d6zde-G\u00f6zde \u0130n\u015faat &#8211; Mustafa KUYUEDERE \u0130smail KAHVEC\u0130 \u0130n\u015faat \u00dcnsal \u0130n\u015faat &#8211; Muzaffer \u00dcNSAL \u00c7ak\u0131r \u0130n\u015faat &#8211; Adem \u00c7AKIR Ata\u00e7 \u0130n\u015faat &#8211; Faik ATA\u00c7<\/p>\n","protected":false},"author":1,"featured_media":0,"parent":0,"menu_order":0,"comment_status":"closed","ping_status":"closed","template":"","meta":{"footnotes":""},"_links":{"self":[{"href":"http:\/\/www.ssgmimarlik.com\/index.php\/wp-json\/wp\/v2\/pages\/153"}],"collection":[{"href":"http:\/\/www.ssgmimarlik.com\/index.php\/wp-json\/wp\/v2\/pages"}],"about":[{"href":"http:\/\/www.ssgmimarlik.com\/index.php\/wp-json\/wp\/v2\/types\/page"}],"author":[{"embeddable":true,"href":"http:\/\/www.ssgmimarlik.com\/index.php\/wp-json\/wp\/v2\/users\/1"}],"replies":[{"embeddable":true,"href":"http:\/\/www.ssgmimarlik.com\/index.php\/wp-json\/wp\/v2\/comments?post=153"}],"version-history":[{"count":4,"href":"http:\/\/www.ssgmimarlik.com\/index.php\/wp-json\/wp\/v2\/pages\/153\/revisions"}],"predecessor-version":[{"id":219,"href":"http:\/\/www.ssgmimarlik.com\/index.php\/wp-json\/wp\/v2\/pages\/153\/revisions\/219"}],"wp:attachment":[{"href":"http:\/\/www.ssgmimarlik.com\/index.php\/wp-json\/wp\/v2\/media?parent=153"}],"curies":[{"name":"wp","href":"https:\/\/api.w.org\/{rel}","templated":true}]}}